{"id":405,"date":"2017-02-18T16:25:35","date_gmt":"2017-02-18T15:25:35","guid":{"rendered":"http:\/\/benedictelepimpec.com\/?page_id=405"},"modified":"2026-02-16T00:39:49","modified_gmt":"2026-02-15T23:39:49","slug":"bio-3","status":"publish","type":"page","link":"https:\/\/benedictelepimpec.com\/?page_id=405","title":{"rendered":"a propos \/ about"},"content":{"rendered":"<p style=\"font-weight: 400;\"><strong>B\u00e9n\u00e9dicte le Pimpec<\/strong> est commissaire d&#8217;exposition et codirige, depuis 2015, <a href=\"https:\/\/www.bermuda-ateliers.com\" target=\"_blank\" rel=\"noopener\">les ateliers bermuda<\/a>, un espace d\u00e9di\u00e9 \u00e0 la recherche et \u00e0 la production artistique situ\u00e9 \u00e0 Sergy (Ain).<\/p>\n<p>Dipl\u00f4m\u00e9e des Beaux-Arts de Brest et titulaire d&#8217;un master en pratique curatoriale de la HEAD \u2013 Gen\u00e8ve, elle a collabor\u00e9 avec de nombreuses institutions telles que le Palais de Tokyo \u00e0 Paris (2013), le Fonds d\u2019art contemporain de la Ville de Gen\u00e8ve (2016-2018), Kunsthaus Langenthal (2018), le Centre national des arts plastiques \u00e0 Paris (2019), ainsi que Mumbai Art Room en Inde (2019). Elle a \u00e9galement particip\u00e9 \u00e0 diverses r\u00e9sidences, dont la Fonderie Darling \u00e0 Montr\u00e9al (2017), Das weiss haus \u00e0 Vienne (2014), Ast\u00e9rides \u00e0 Marseille (2015), et a r\u00e9alis\u00e9 des r\u00e9sidences curatoriales \u00e0 New Delhi et Bombay, dans le cadre d&#8217;un programme organis\u00e9 par Pro Helvetia. De 2018 \u00e0 2020, elle a pris part \u00e0 un projet de recherche du fonds national de la recherche suisse, sous la direction d&#8217;Ileana Parvu, explorant le r\u00f4le de la main et les processus de d\u00e9l\u00e9gation chez les artistes post-conceptuels. Cette recherche a donn\u00e9 lieu \u00e0 la publication du livre\u00a0<em>Faire, faire faire, ne pas faire<\/em> aux Presses du R\u00e9el en 2021. Actuellement, ses travaux se concentrent sur les pratiques collectives de cr\u00e9ation, et elle poursuit un doctorat en pratiques curatoriales, se penchant sur la p\u00e9rennisation des lieux de pratique artistique. Elle est \u00e9galement responsable de la programmation de la <a href=\"https:\/\/www.pavillonsicli.ch\/fr\" target=\"_blank\" rel=\"noopener\">Fondation Pavillon Sicli<\/a> \u00e0 Gen\u00e8ve.\u00a0<\/p>\n\n\n<p>\/\/<\/p>\n\n\n<p><strong>B\u00e9n\u00e9dicte le Pimpec<\/strong> is a curator working in the field of visual arts. Since 2015, she is codirecting <a href=\"https:\/\/www.bermuda-ateliers.com\" target=\"_blank\" rel=\"noopener\">bermuda<\/a>, a residence and research space for arts and architecture in Sergy in the greater Geneva area.<\/p>\n<p>She holds a degree in Fine Arts from the European art school of Brittany and a master&#8217;s in curatorial practice from Haute \u00c9cole d\u2019Art et de Design \u2013 Geneva. As curator, she has collaborated with various institutions, including Palais de Tokyo (Paris, 2013), the Contemporary Art Fund of the City of Geneva (2016-2018), Kunsthaus Langenthal (2018), and the National Center for Visual Arts (Paris, 2019). She has participated in several residencies, including Fonderie Darling (Montreal, 2017), das weisse haus (Vienna, 2014), Ast\u00e9rides (Marseille, 2015), and more recently, in Bombay at the Mumbai Art Room (2019). Her research primarily focuses on collective forms of creation and she is currently working on a practice based PhD under the supervision of Dr. Prof Dorothee Richter.<\/p>\n<p style=\"font-weight: 400;\">\u00a0<\/p>\n\n\n<div class=\"wp-block-columns are-vertically-aligned-center is-layout-flex wp-container-core-columns-is-layout-9d6595d7 wp-block-columns-is-layout-flex\">\n<div class=\"wp-block-column is-vertically-aligned-center is-layout-flow wp-block-column-is-layout-flow\" style=\"flex-basis:50%\"><\/div>\n\n\n\n<div class=\"wp-block-column is-vertically-aligned-center is-layout-flow wp-block-column-is-layout-flow\" style=\"flex-basis:50%\">\n<p><\/p>\n<\/div>\n<\/div>\n","protected":false},"excerpt":{"rendered":"<p>B\u00e9n\u00e9dicte le Pimpec est commissaire d&#8217;exposition et codirige, depuis 2015, les ateliers bermuda, un espace d\u00e9di\u00e9 \u00e0 la recherche et \u00e0 la production artistique situ\u00e9 \u00e0 Sergy (Ain). Dipl\u00f4m\u00e9e des Beaux-Arts de Brest et titulaire d&#8217;un master en pratique curatoriale de la HEAD \u2013 Gen\u00e8ve, elle a collabor\u00e9 avec de nombreuses institutions telles que le [&hellip;]<\/p>\n","protected":false},"author":2,"featured_media":0,"parent":0,"menu_order":0,"comment_status":"closed","ping_status":"closed","template":"","meta":{"footnotes":""},"class_list":["post-405","page","type-page","status-publish","hentry"],"_links":{"self":[{"href":"https:\/\/benedictelepimpec.com\/index.php?rest_route=\/wp\/v2\/pages\/405","targetHints":{"allow":["GET"]}}],"collection":[{"href":"https:\/\/benedictelepimpec.com\/index.php?rest_route=\/wp\/v2\/pages"}],"about":[{"href":"https:\/\/benedictelepimpec.com\/index.php?rest_route=\/wp\/v2\/types\/page"}],"author":[{"embeddable":true,"href":"https:\/\/benedictelepimpec.com\/index.php?rest_route=\/wp\/v2\/users\/2"}],"replies":[{"embeddable":true,"href":"https:\/\/benedictelepimpec.com\/index.php?rest_route=%2Fwp%2Fv2%2Fcomments&post=405"}],"version-history":[{"count":14,"href":"https:\/\/benedictelepimpec.com\/index.php?rest_route=\/wp\/v2\/pages\/405\/revisions"}],"predecessor-version":[{"id":962,"href":"https:\/\/benedictelepimpec.com\/index.php?rest_route=\/wp\/v2\/pages\/405\/revisions\/962"}],"wp:attachment":[{"href":"https:\/\/benedictelepimpec.com\/index.php?rest_route=%2Fwp%2Fv2%2Fmedia&parent=405"}],"curies":[{"name":"wp","href":"https:\/\/api.w.org\/{rel}","templated":true}]}}